{"id":177,"date":"2016-03-08T11:49:10","date_gmt":"2016-03-08T10:49:10","guid":{"rendered":"http:\/\/staysafe.bazl.admin.ch\/?page_id=177"},"modified":"2023-11-20T13:12:42","modified_gmt":"2023-11-20T12:12:42","slug":"ueber-stay-safe","status":"publish","type":"page","link":"https:\/\/staysafe.aero\/de\/ueber-stay-safe\/","title":{"rendered":"\u00dcber Stay Safe"},"content":{"rendered":"<p>[vc_row][vc_column][vc_column_text]<span lang=\"DE\">&#8220;Stay safe&#8221; ist eine Plattform, auf der sich Pilotinnen und Piloten der Leichtaviatik (General Aviation) treffen, um sich \u00fcber Sicherheitsthemen in der Luftfahrt zu informieren und auszutauschen. Zu diesem Zweck wurde Ende 2013 auf Facebook die Plattform Stay Safe ins Leben gerufen. <\/span><\/p>\n<p><span lang=\"DE\">Im Laufe der Jahre wurde die Plattform inhaltlich und strukturell weiterentwickelt und den\u00a0 Medienbed\u00fcrfnissen von jung und alt angepasst. Mittlerweile z\u00e4hlt die Staysafe.aero Community bis zu 20&#8217;ooo Follower aus ganz Europa, die uns auf unserer Website, auf Facebook, Instagram, LinkedIn, Youtube und per E-Mail Newsletter folgen. F\u00fcr die Inhalte engagiert sich ein kleines, interdisziplin\u00e4res Team aus Safetyspezialisten, Aviatikredakteuren und Piloten. Ausserdem ist Staysafe.aero Mitglied der \u00ab<a href=\"https:\/\/ffac.ch\/aviation-news\/ffac-webinare\/\" target=\"_blank\" rel=\"noopener\">Flight Safety Alliance Switzerland<\/a>\u00bb und arbeitet mit Aviatikverb\u00e4nden im In- und Ausland zusammen.\u00a0<\/span><\/p>\n<p>Wie \u00fcblich in der Piloten-Community sagen wir &#8220;Du&#8221; zueinander. Wenn du also ein spannende und interessante Geschichte aus dem Aviatikalltag mit uns teilen m\u00f6chtest, dann kontaktiere uns auf staysafe@bazl.admin.ch<\/p>\n<p>&nbsp;<\/p>\n<p><strong>Social-Media Guidelines (Netiquette) f\u00fcr Facebook, Instagram und Yoube<\/strong><\/p>\n<p>Es ist uns wichtig, dass sich jeder Nutzer auf unseren Social-Media-Plattformen wohlf\u00fchlt. Daher solltet ihr unbedingt nachfolgende Nutzungsregeln beachten. Diese Regeln gelten sowohl f\u00fcr die Inhalte, die die Nutzer auf unseren Social-Media ver\u00f6ffentlichen, als auch f\u00fcr Nicknamen und Profilfotos. Bei einem Verstoss beh\u00e4lt sich das Team von Stay Safe das Recht vor, einzelne Inhalte zu verbergen, zu l\u00f6schen und Nutzer dauerhaft f\u00fcr unsere Plattformen zu sperren \u2013 ohne vorherige Abstimmung.<\/p>\n<p>Wir tolerieren auf unseren Social-Media Kan\u00e4len ausdr\u00fccklich keine\/n\u2026<\/p>\n<p>\u2022 Verst\u00f6sse gegen geltende Gesetze. Bei rechtlich relevanten Inhalten behalten wir uns vor, diese an die Strafverfolgung weiterzuleiten.<br \/>\n\u2022 Beleidigungen, Entw\u00fcrdigungen oder Verleumdungen anderer Nutzer, Unternehmen und Dritter.<br \/>\n\u2022 Diskriminierung und Diffamierung von anderen Nutzern oder sozialen Gruppen \u2013 zum Beispiel aufgrund ihrer Religion, Herkunft, Nationalit\u00e4t, sexueller Orientierung oder Geschlecht.<br \/>\n\u2022 Androhungen von Gewalt und Aufforderungen zu Gewalt- oder anderen Straftaten.<br \/>\n\u2022 menschenverachtenden, extremistischen oder gewaltverherrlichenden Inhalte.<br \/>\n\u2022 Pauschalisierungen und nicht pr\u00fcfbare bzw. unbelegte Behauptungen, Verd\u00e4chtigungen sowie haltlose Unterstellungen.<br \/>\n\u2022 Provokationen oder gezielte St\u00f6rungen der Diskussion.<br \/>\n\u2022 obsz\u00f6nen oder pornografischen Inhalte.<br \/>\n\u2022 themenfremden Kommentare, die nichts mit dem Inhalt des zur Diskussion stehenden Beitrags zu tun haben.<br \/>\n\u2022 \u00dcbernahme fremder Texte. Achtet darauf, dass die Inhalte von euch selbst stammen \u2013 oder ihr zumindest die Nutzungsrechte besitzt. Zitate sind zul\u00e4ssig \u2013 solange sie mit Anf\u00fchrungszeichen und Quellenangabe kenntlich gemacht werden.<br \/>\n\u2022 Werbung f\u00fcr Webseiten, Dienste, Waren, Organisationen, Parteien oder politische Veranstaltungen.<br \/>\n\u2022 Spam.<br \/>\n\u2022 Verst\u00f6sse gegen die Pers\u00f6nlichkeitsrechte. Die Weitergabe von Informationen \u00fcber Personen wie E-Mail-Adressen, Telefonnummern oder Adressen wird nicht toleriert.<\/p>\n<p>Stay Safe beh\u00e4lt sich das Recht vor, Nutzerbeitr\u00e4ge (z.B. Fotos etc.) unter Ber\u00fccksichtigung der Urheberrechte und der Nutzungsbedingungen von Facebook, Instagram und Youtube an anderer Stelle zu vervielf\u00e4ltigen und zu verbreiten. Ein Anspruch auf Honorierung besteht nicht.<\/p>\n<p>Wir bem\u00fchen uns, zeitnah alle Kommentare gem\u00e4ss unseren Nutzungsregeln zu bearbeiten. Sollte es dabei zu Verz\u00f6gerungen kommen, bitten wir um Verst\u00e4ndnis. Die Kapazit\u00e4ten des Stay Safe-Teams sind nicht unersch\u00f6pflich. Wenn ihr allerdings auf einen eurer Meinung nach unangemessenen Kommentar stosst, freuen wir uns \u00fcber einen Hinweis per Mail an staysafe@bazl.admin.ch<\/p>\n<p>Auch f\u00fcr Feedback, Anregungen und Fragen sind wir immer offen.<\/p>\n<p>(Stand: April 2020)[\/vc_column_text][\/vc_column][\/vc_row]<\/p>","protected":false},"excerpt":{"rendered":"<p>[vc_row][vc_column][vc_column_text]&#8220;Stay safe&#8221; ist eine Plattform, auf der sich Pilotinnen und Piloten der Leichtaviatik (General Aviation) treffen, um sich \u00fcber Sicherheitsthemen [&hellip;]<\/p>\n","protected":false},"author":1,"featured_media":0,"parent":0,"menu_order":0,"comment_status":"closed","ping_status":"closed","template":"","meta":{"_exactmetrics_skip_tracking":false,"_exactmetrics_sitenote_active":false,"_exactmetrics_sitenote_note":"","_exactmetrics_sitenote_category":0,"footnotes":""},"class_list":["post-177","page","type-page","status-publish","hentry"],"_links":{"self":[{"href":"https:\/\/staysafe.aero\/de\/wp-json\/wp\/v2\/pages\/177","targetHints":{"allow":["GET"]}}],"collection":[{"href":"https:\/\/staysafe.aero\/de\/wp-json\/wp\/v2\/pages"}],"about":[{"href":"https:\/\/staysafe.aero\/de\/wp-json\/wp\/v2\/types\/page"}],"author":[{"embeddable":true,"href":"https:\/\/staysafe.aero\/de\/wp-json\/wp\/v2\/users\/1"}],"replies":[{"embeddable":true,"href":"https:\/\/staysafe.aero\/de\/wp-json\/wp\/v2\/comments?post=177"}],"version-history":[{"count":63,"href":"https:\/\/staysafe.aero\/de\/wp-json\/wp\/v2\/pages\/177\/revisions"}],"predecessor-version":[{"id":4759,"href":"https:\/\/staysafe.aero\/de\/wp-json\/wp\/v2\/pages\/177\/revisions\/4759"}],"wp:attachment":[{"href":"https:\/\/staysafe.aero\/de\/wp-json\/wp\/v2\/media?parent=177"}],"curies":[{"name":"wp","href":"https:\/\/api.w.org\/{rel}","templated":true}]}}