{"id":180,"date":"2016-03-08T11:49:44","date_gmt":"2016-03-08T10:49:44","guid":{"rendered":"http:\/\/staysafe.bazl.admin.ch\/?page_id=180"},"modified":"2019-12-24T10:25:55","modified_gmt":"2019-12-24T09:25:55","slug":"themen","status":"publish","type":"page","link":"https:\/\/staysafe.aero\/de\/themen\/","title":{"rendered":"Themen"},"content":{"rendered":"<p>[vc_row][vc_column][vc_column_text]Auf Stay Safe publizieren wir Inhalte zu den folgenden Themen:[\/vc_column_text][\/vc_column][\/vc_row][vc_row][vc_column width=&#8221;1\/2&#8243;][vc_row_inner][vc_column_inner][vc_custom_heading text=&#8221;Luftfahrzeuge&#8221; font_container=&#8221;tag:h3|text_align:left&#8221; use_theme_fonts=&#8221;yes&#8221; link=&#8221;url:https%3A%2F%2Fstaysafe.aero%2Fcategory%2Fflugzeug%2F|||&#8221;][vc_single_image image=&#8221;2903&#8243; img_size=&#8221;320&#215;160&#8243; style=&#8221;vc_box_outline&#8221; onclick=&#8221;custom_link&#8221; link=&#8221;https:\/\/staysafe.aero\/category\/flugzeug\/&#8221;][vc_column_text el_class=&#8221;themen-description&#8221;]Informationen \u00fcber die Zertifizierung und Zulassung von Luftfahrzeugen, Themen zur Instandhaltung, Luftt\u00fcchtigkeitsanweisungen oder technische Mitteilungen sind in dieser Rubrik zu finden.[\/vc_column_text][\/vc_column_inner][\/vc_row_inner][\/vc_column][vc_column width=&#8221;1\/2&#8243;][vc_row_inner][vc_column_inner][vc_custom_heading text=&#8221;Flugbetrieb&#8221; font_container=&#8221;tag:h3|text_align:left&#8221; use_theme_fonts=&#8221;yes&#8221; link=&#8221;url:https%3A%2F%2Fstaysafe.aero%2Fcategory%2Foperation%2F|||&#8221;][vc_single_image image=&#8221;2924&#8243; img_size=&#8221;320&#215;160&#8243; style=&#8221;vc_box_outline&#8221; onclick=&#8221;custom_link&#8221; link=&#8221;https:\/\/staysafe.aero\/category\/operation\/&#8221;][vc_column_text el_class=&#8221;themen-description&#8221;]In dieser Rubrik finden Sie Inhalte, die den Flugbetrieb, den Luftraum oder die Flugsicherung betreffen.[\/vc_column_text][\/vc_column_inner][\/vc_row_inner][\/vc_column][\/vc_row][vc_row][vc_column width=&#8221;1\/2&#8243;][vc_row_inner][vc_column_inner][vc_custom_heading text=&#8221;Piloten&#8221; font_container=&#8221;tag:h3|text_align:left&#8221; use_theme_fonts=&#8221;yes&#8221; link=&#8221;url:https%3A%2F%2Fstaysafe.aero%2Fcategory%2Fpilot%2F|||&#8221;][vc_single_image image=&#8221;2933&#8243; img_size=&#8221;320&#215;160&#8243; style=&#8221;vc_box_outline&#8221; onclick=&#8221;custom_link&#8221; link=&#8221;https:\/\/staysafe.aero\/category\/pilot\/&#8221;][vc_column_text el_class=&#8221;themen-description&#8221;]Inhalt dieser Rubrik sind einerseits Informationen zu Pilotenausbildungen in der General Aviation, andererseits finden sich hier auch Beitr\u00e4ge zu pers\u00f6nlichen Erfahrungen von Piloten, Verhaltenstipps f\u00fcr Fliegende sowie Infos zum Faktor Mensch.[\/vc_column_text][\/vc_column_inner][\/vc_row_inner][\/vc_column][vc_column width=&#8221;1\/2&#8243;][vc_row_inner][vc_column_inner][vc_custom_heading text=&#8221;Lesson Learned&#8221; font_container=&#8221;tag:h3|text_align:left&#8221; use_theme_fonts=&#8221;yes&#8221; link=&#8221;url:https%3A%2F%2Fstaysafe.aero%2Fcategory%2Flesson-learned%2F|||&#8221;][vc_single_image image=&#8221;2936&#8243; img_size=&#8221;320&#215;160&#8243; style=&#8221;vc_box_outline&#8221; onclick=&#8221;custom_link&#8221; link=&#8221;https:\/\/staysafe.aero\/category\/lesson-learned\/&#8221;][vc_column_text el_class=&#8221;themen-description&#8221;]Mit &#8220;Lesson Learned&#8221; sollen Piloten von Piloten lernen und Erfahrungen ausgetauscht werden k\u00f6nnen. Unter dem Stichwort &#8220;Lesson Learned&#8221; kann Erlebtes an <a href=\"mailto:staysafe@bazl.admin.ch\">staysafe@bazl.admin.ch<\/a> geschickt werden. Die Beitr\u00e4ge werden selbstverst\u00e4ndlich anonymisiert publiziert.[\/vc_column_text][\/vc_column_inner][\/vc_row_inner][\/vc_column][\/vc_row][vc_row][vc_column width=&#8221;1\/2&#8243;][vc_row_inner][vc_column_inner][vc_custom_heading text=&#8221;Filme Luftraum&#8221; font_container=&#8221;tag:h3|text_align:left&#8221; use_theme_fonts=&#8221;yes&#8221; link=&#8221;url:https%3A%2F%2Fstaysafe.aero%2Fcategory%2Ffilme-luftraum%2F|||&#8221;][vc_single_image image=&#8221;2356&#8243; img_size=&#8221;320&#215;160&#8243; style=&#8221;vc_box_outline&#8221; onclick=&#8221;custom_link&#8221; link=&#8221;https:\/\/staysafe.aero\/category\/filme-luftraum\/&#8221;][vc_column_text el_class=&#8221;themen-description&#8221;]Die Filme zeigen welche Auswirkungen Luftraumverletzungen haben k\u00f6nnen. So wird gezeigt, wie ein Motorflugpilot den Durchstart eines Linienflugzeuges provoziert. Man sieht, wie eine wetterbedingte Abweichung vom Flugplan zu einer gef\u00e4hrlichen Ann\u00e4herung zwischen Helikopter und Motorflugzeug f\u00fchren kann. Sowie was geschieht, wenn ein Segelflugzeug oder H\u00e4ngegleiter versehentlich in einen milit\u00e4risch genutzten Luftraum eindringen.[\/vc_column_text][\/vc_column_inner][\/vc_row_inner][\/vc_column][vc_column width=&#8221;1\/2&#8243;][vc_row_inner][vc_column_inner][vc_custom_heading text=&#8221;Drohnen&#8221; font_container=&#8221;tag:h3|text_align:left&#8221; use_theme_fonts=&#8221;yes&#8221; link=&#8221;url:https%3A%2F%2Fstaysafe.aero%2Fcategory%2Fdrohnen%2F|||&#8221;][vc_single_image image=&#8221;1071&#8243; img_size=&#8221;320&#215;160&#8243; style=&#8221;vc_box_outline&#8221; onclick=&#8221;custom_link&#8221; link=&#8221;https:\/\/staysafe.aero\/category\/drohnen\/&#8221;][vc_column_text el_class=&#8221;themen-description&#8221;]Dieser Abschnitt enth\u00e4lt s\u00e4mtliche Informationen \u00fcber Drohnen: Regeln zu Operationen sowie zu Flug- und Flugverbotszonen, Aspekte zum Verkehr mit anderen Luftraumnutzern und andere n\u00fctzliche Informationen.[\/vc_column_text][\/vc_column_inner][\/vc_row_inner][\/vc_column][\/vc_row][vc_row][vc_column width=&#8221;1\/2&#8243;][vc_row_inner][vc_column_inner][vc_custom_heading text=&#8221;Diverses&#8221; font_container=&#8221;tag:h3|text_align:left&#8221; use_theme_fonts=&#8221;yes&#8221; link=&#8221;url:https%3A%2F%2Fstaysafe.aero%2Fcategory%2Fdiverses%2F|||&#8221;][vc_single_image image=&#8221;2355&#8243; img_size=&#8221;320&#215;160&#8243; style=&#8221;vc_box_outline&#8221; onclick=&#8221;custom_link&#8221; link=&#8221;https:\/\/staysafe.aero\/category\/diverses\/&#8221;][vc_column_text el_class=&#8221;themen-description&#8221;]Alles, was Sie bisher nicht gefunden haben. Z.B Inhalte \u00fcber die Luftfahrtpolitik, Umwelt, L\u00e4rm oder viele andere Themen.[\/vc_column_text][\/vc_column_inner][\/vc_row_inner][\/vc_column][vc_column width=&#8221;1\/2&#8243;][\/vc_column][\/vc_row]<\/p>","protected":false},"excerpt":{"rendered":"<p>[vc_row][vc_column][vc_column_text]Auf Stay Safe publizieren wir Inhalte zu den folgenden Themen:[\/vc_column_text][\/vc_column][\/vc_row][vc_row][vc_column width=&#8221;1\/2&#8243;][vc_row_inner][vc_column_inner][vc_custom_heading text=&#8221;Luftfahrzeuge&#8221; font_container=&#8221;tag:h3|text_align:left&#8221; use_theme_fonts=&#8221;yes&#8221; link=&#8221;url:https%3A%2F%2Fstaysafe.aero%2Fcategory%2Fflugzeug%2F|||&#8221;][vc_single_image image=&#8221;2903&#8243; img_size=&#8221;320&#215;160&#8243; style=&#8221;vc_box_outline&#8221; onclick=&#8221;custom_link&#8221; link=&#8221;https:\/\/staysafe.aero\/category\/flugzeug\/&#8221;][vc_column_text [&hellip;]<\/p>\n","protected":false},"author":1,"featured_media":0,"parent":0,"menu_order":0,"comment_status":"closed","ping_status":"closed","template":"","meta":{"_exactmetrics_skip_tracking":false,"_exactmetrics_sitenote_active":false,"_exactmetrics_sitenote_note":"","_exactmetrics_sitenote_category":0,"footnotes":""},"class_list":["post-180","page","type-page","status-publish","hentry"],"_links":{"self":[{"href":"https:\/\/staysafe.aero\/de\/wp-json\/wp\/v2\/pages\/180","targetHints":{"allow":["GET"]}}],"collection":[{"href":"https:\/\/staysafe.aero\/de\/wp-json\/wp\/v2\/pages"}],"about":[{"href":"https:\/\/staysafe.aero\/de\/wp-json\/wp\/v2\/types\/page"}],"author":[{"embeddable":true,"href":"https:\/\/staysafe.aero\/de\/wp-json\/wp\/v2\/users\/1"}],"replies":[{"embeddable":true,"href":"https:\/\/staysafe.aero\/de\/wp-json\/wp\/v2\/comments?post=180"}],"version-history":[{"count":131,"href":"https:\/\/staysafe.aero\/de\/wp-json\/wp\/v2\/pages\/180\/revisions"}],"predecessor-version":[{"id":2952,"href":"https:\/\/staysafe.aero\/de\/wp-json\/wp\/v2\/pages\/180\/revisions\/2952"}],"wp:attachment":[{"href":"https:\/\/staysafe.aero\/de\/wp-json\/wp\/v2\/media?parent=180"}],"curies":[{"name":"wp","href":"https:\/\/api.w.org\/{rel}","templated":true}]}}