{"id":14,"date":"2016-02-15T08:25:17","date_gmt":"2016-02-15T08:25:17","guid":{"rendered":"http:\/\/localhost\/bazl\/?page_id=14"},"modified":"2024-01-17T11:13:02","modified_gmt":"2024-01-17T10:13:02","slug":"home","status":"publish","type":"page","link":"https:\/\/staysafe.aero\/fr\/","title":{"rendered":"Startseite"},"content":{"rendered":"<p><\/p>\n<h2><img loading=\"lazy\" decoding=\"async\" class=\"alignnone wp-image-4471\" src=\"https:\/\/staysafe.aero\/wp-content\/uploads\/2023\/03\/Stay-Safe-Safety-Promotion-for-General-Aviation-scaled.jpg\" alt=\"\" width=\"1048\" height=\"339\" srcset=\"https:\/\/staysafe.aero\/wp-content\/uploads\/2023\/03\/Stay-Safe-Safety-Promotion-for-General-Aviation-scaled.jpg 2560w, https:\/\/staysafe.aero\/wp-content\/uploads\/2023\/03\/Stay-Safe-Safety-Promotion-for-General-Aviation-300x97.jpg 300w, https:\/\/staysafe.aero\/wp-content\/uploads\/2023\/03\/Stay-Safe-Safety-Promotion-for-General-Aviation-1024x331.jpg 1024w, https:\/\/staysafe.aero\/wp-content\/uploads\/2023\/03\/Stay-Safe-Safety-Promotion-for-General-Aviation-768x249.jpg 768w, https:\/\/staysafe.aero\/wp-content\/uploads\/2023\/03\/Stay-Safe-Safety-Promotion-for-General-Aviation-1536x497.jpg 1536w, https:\/\/staysafe.aero\/wp-content\/uploads\/2023\/03\/Stay-Safe-Safety-Promotion-for-General-Aviation-2048x663.jpg 2048w\" sizes=\"auto, (max-width: 1048px) 100vw, 1048px\" \/><\/h2>\n<p>&#8220;Stay Safe&#8221; est la plateforme de promotion de la s\u00e9curit\u00e9 de l&#8217;Office f\u00e9d\u00e9ral de l&#8217;aviation civile suisse en allemand, fran\u00e7ais et italien. En tant que plateforme d&#8217;information et d&#8217;\u00e9change, elle s&#8217;adresse \u00e0 tous les acteurs de l&#8217;aviation g\u00e9n\u00e9rale, en particulier aux pilotes de vol \u00e0 moteur et \u00e0 voile, d&#8217;h\u00e9licopt\u00e8res, de ballons et de drones. Dans l&#8217;aviation, on se tutoie, et Stay Safe n&#8217;\u00e9chappe pas \u00e0 la r\u00e8gle. L&#8217;objectif de Stay Safe est de vous sensibiliser aux diff\u00e9rents th\u00e8mes de la s\u00e9curit\u00e9 et d&#8217;encourager les \u00e9changes au sein de la communaut\u00e9, sans pour autant avoir un caract\u00e8re didactique. Pour ce faire, notre petite \u00e9quipe de r\u00e9daction, compos\u00e9e de pilotes, d&#8217;experts en aviation, d&#8217;inspecteurs et de photographes, s&#8217;engage et int\u00e8gre des connaissances importantes issues d&#8217;incidents et d&#8217;accidents ainsi que des activit\u00e9s de surveillance de l&#8217;OFAC dans des articles int\u00e9ressants et des histoires et vid\u00e9os passionnantes.<\/p>\n<h2>Des pilotes pour la communaut\u00e9<\/h2>\n<p>Les pilotes n&#8217;ont pas seulement la passion de voler, mais aussi de partager leurs exp\u00e9riences avec des personnes partageant les m\u00eames id\u00e9es. Dans le domaine de la s\u00e9curit\u00e9, le partage d&#8217;exp\u00e9riences et de connaissances est un facteur important. T&#8217;est-il d\u00e9j\u00e0 arriv\u00e9 de te retrouver dans une situation d\u00e9licate ? Ou as-tu v\u00e9cu une exp\u00e9rience enrichissante ? Si oui, partage ton histoire personnelle avec la communaut\u00e9 Stay Safe &#8211; nous pourrions tous en tirer des le\u00e7ons ! Quel que soit ton domaine d&#8217;activit\u00e9 dans l&#8217;aviation g\u00e9n\u00e9rale, envoie-nous ton exp\u00e9rience, ton histoire, ton v\u00e9cu \u00e0 staysafe@bazl.admin.ch. Nous les rendrons anonymes et les partagerons avec la communaut\u00e9.<\/p>\n<p>&nbsp;<\/p>","protected":false},"excerpt":{"rendered":"<p>&#8220;Stay Safe&#8221; est la plateforme de promotion de la s\u00e9curit\u00e9 de l&#8217;Office f\u00e9d\u00e9ral de l&#8217;aviation civile suisse en allemand, fran\u00e7ais [&hellip;]<\/p>\n","protected":false},"author":1,"featured_media":0,"parent":0,"menu_order":0,"comment_status":"closed","ping_status":"closed","template":"home-page.php","meta":{"_exactmetrics_skip_tracking":false,"_exactmetrics_sitenote_active":false,"_exactmetrics_sitenote_note":"","_exactmetrics_sitenote_category":0,"footnotes":""},"class_list":["post-14","page","type-page","status-publish","hentry"],"_links":{"self":[{"href":"https:\/\/staysafe.aero\/fr\/wp-json\/wp\/v2\/pages\/14","targetHints":{"allow":["GET"]}}],"collection":[{"href":"https:\/\/staysafe.aero\/fr\/wp-json\/wp\/v2\/pages"}],"about":[{"href":"https:\/\/staysafe.aero\/fr\/wp-json\/wp\/v2\/types\/page"}],"author":[{"embeddable":true,"href":"https:\/\/staysafe.aero\/fr\/wp-json\/wp\/v2\/users\/1"}],"replies":[{"embeddable":true,"href":"https:\/\/staysafe.aero\/fr\/wp-json\/wp\/v2\/comments?post=14"}],"version-history":[{"count":22,"href":"https:\/\/staysafe.aero\/fr\/wp-json\/wp\/v2\/pages\/14\/revisions"}],"predecessor-version":[{"id":4619,"href":"https:\/\/staysafe.aero\/fr\/wp-json\/wp\/v2\/pages\/14\/revisions\/4619"}],"wp:attachment":[{"href":"https:\/\/staysafe.aero\/fr\/wp-json\/wp\/v2\/media?parent=14"}],"curies":[{"name":"wp","href":"https:\/\/api.w.org\/{rel}","templated":true}]}}