{"id":177,"date":"2016-03-08T11:49:10","date_gmt":"2016-03-08T10:49:10","guid":{"rendered":"http:\/\/staysafe.bazl.admin.ch\/?page_id=177"},"modified":"2023-11-20T13:12:42","modified_gmt":"2023-11-20T12:12:42","slug":"ueber-stay-safe","status":"publish","type":"page","link":"https:\/\/staysafe.aero\/fr\/ueber-stay-safe\/","title":{"rendered":"A propos de Stay Safe"},"content":{"rendered":"<p>[vc_row][vc_column][vc_column_text]&#8221;Stay safe&#8221; est une plateforme sur laquelle les pilotes de l&#8217;aviation l\u00e9g\u00e8re (aviation g\u00e9n\u00e9rale) se rencontrent pour s&#8217;informer et \u00e9changer sur les th\u00e8mes de la s\u00e9curit\u00e9 dans l&#8217;aviation. C&#8217;est dans ce but que la plateforme Stay Safe a \u00e9t\u00e9 lanc\u00e9e sur Facebook fin 2013.<\/p>\n<p>Au fil des ann\u00e9es, le contenu et la structure de la plateforme ont \u00e9t\u00e9 d\u00e9velopp\u00e9s et adapt\u00e9s aux besoins m\u00e9diatiques des jeunes et des moins jeunes. Entre-temps, la communaut\u00e9 Staysafe.aero compte jusqu&#8217;\u00e0 20&#8217;ooo followers de toute l&#8217;Europe, qui nous suivent sur notre site web, sur Facebook, Instagram, LinkedIn, Youtube et par newsletter \u00e9lectronique. Une petite \u00e9quipe interdisciplinaire compos\u00e9e de sp\u00e9cialistes de la s\u00e9curit\u00e9, de r\u00e9dacteurs a\u00e9ronautiques et de pilotes s&#8217;engage pour les contenus. En outre, Staysafe.aero est membre de la &#8220;Flight Safety Alliance Switzerland&#8221; et collabore avec des associations a\u00e9ronautiques en Suisse et \u00e0 l&#8217;\u00e9tranger.<\/p>\n<p>Comme d&#8217;habitude dans la communaut\u00e9 des pilotes, nous nous disons &#8220;tu&#8221;. Si tu souhaites partager une histoire passionnante et int\u00e9ressante de ton quotidien d&#8217;aviateur, contacte-nous sur staysafe@bazl.admin.ch.[\/vc_column_text][\/vc_column][\/vc_row][vc_row][vc_column width=&#8221;1\/3&#8243;][\/vc_column][\/vc_row]<\/p>","protected":false},"excerpt":{"rendered":"<p>[vc_row][vc_column][vc_column_text]&#8221;Stay safe&#8221; est une plateforme sur laquelle les pilotes de l&#8217;aviation l\u00e9g\u00e8re (aviation g\u00e9n\u00e9rale) se rencontrent pour s&#8217;informer et \u00e9changer [&hellip;]<\/p>\n","protected":false},"author":1,"featured_media":0,"parent":0,"menu_order":0,"comment_status":"closed","ping_status":"closed","template":"","meta":{"_exactmetrics_skip_tracking":false,"_exactmetrics_sitenote_active":false,"_exactmetrics_sitenote_note":"","_exactmetrics_sitenote_category":0,"footnotes":""},"class_list":["post-177","page","type-page","status-publish","hentry"],"_links":{"self":[{"href":"https:\/\/staysafe.aero\/fr\/wp-json\/wp\/v2\/pages\/177","targetHints":{"allow":["GET"]}}],"collection":[{"href":"https:\/\/staysafe.aero\/fr\/wp-json\/wp\/v2\/pages"}],"about":[{"href":"https:\/\/staysafe.aero\/fr\/wp-json\/wp\/v2\/types\/page"}],"author":[{"embeddable":true,"href":"https:\/\/staysafe.aero\/fr\/wp-json\/wp\/v2\/users\/1"}],"replies":[{"embeddable":true,"href":"https:\/\/staysafe.aero\/fr\/wp-json\/wp\/v2\/comments?post=177"}],"version-history":[{"count":63,"href":"https:\/\/staysafe.aero\/fr\/wp-json\/wp\/v2\/pages\/177\/revisions"}],"predecessor-version":[{"id":4759,"href":"https:\/\/staysafe.aero\/fr\/wp-json\/wp\/v2\/pages\/177\/revisions\/4759"}],"wp:attachment":[{"href":"https:\/\/staysafe.aero\/fr\/wp-json\/wp\/v2\/media?parent=177"}],"curies":[{"name":"wp","href":"https:\/\/api.w.org\/{rel}","templated":true}]}}