{"id":180,"date":"2016-03-08T11:49:44","date_gmt":"2016-03-08T10:49:44","guid":{"rendered":"http:\/\/staysafe.bazl.admin.ch\/?page_id=180"},"modified":"2019-12-24T10:25:55","modified_gmt":"2019-12-24T09:25:55","slug":"themen","status":"publish","type":"page","link":"https:\/\/staysafe.aero\/fr\/themen\/","title":{"rendered":"Th\u00e8mes"},"content":{"rendered":"<p>[vc_row][vc_column][vc_column_text]Sur Stay Safe, nous publions du contenu sur les sujets suivants :[\/vc_column_text][\/vc_column][\/vc_row][vc_row][vc_column width=&#8221;1\/2&#8243;][vc_row_inner][vc_column_inner][vc_custom_heading text=&#8221;A\u00e9ronefs&#8221; font_container=&#8221;tag:h3|text_align:left&#8221; use_theme_fonts=&#8221;yes&#8221; link=&#8221;url:https%3A%2F%2Fstaysafe.aero%2Fcategory%2Fflugzeug%2F|||&#8221;][vc_single_image image=&#8221;2903&#8243; img_size=&#8221;320&#215;160&#8243; style=&#8221;vc_box_outline&#8221; onclick=&#8221;custom_link&#8221; link=&#8221;https:\/\/staysafe.aero\/category\/flugzeug\/&#8221;][vc_column_text el_class=&#8221;themen-description&#8221;]Cette section regroupe les informations sur l\u2019admission et la certification des a\u00e9ronefs, les sujets d&#8217;entretien, les consignes de navigabilit\u00e9 ou les notes techniques.[\/vc_column_text][\/vc_column_inner][\/vc_row_inner][\/vc_column][vc_column width=&#8221;1\/2&#8243;][vc_row_inner][vc_column_inner][vc_custom_heading text=&#8221;Op\u00e9rations de vol&#8221; font_container=&#8221;tag:h3|text_align:left&#8221; use_theme_fonts=&#8221;yes&#8221; link=&#8221;url:https%3A%2F%2Fstaysafe.aero%2Fcategory%2Foperation%2F|||&#8221;][vc_single_image image=&#8221;2924&#8243; img_size=&#8221;320&#215;160&#8243; style=&#8221;vc_box_outline&#8221; onclick=&#8221;custom_link&#8221; link=&#8221;https:\/\/staysafe.aero\/category\/operation\/&#8221;][vc_column_text el_class=&#8221;themen-description&#8221;]Dans cette rubrique sont regroup\u00e9s les contenus concernant les op\u00e9rations a\u00e9riennes, l\u2019espace a\u00e9rien ou la s\u00e9curit\u00e9 a\u00e9rienne.[\/vc_column_text][\/vc_column_inner][\/vc_row_inner][\/vc_column][\/vc_row][vc_row][vc_column width=&#8221;1\/2&#8243;][vc_row_inner][vc_column_inner][vc_custom_heading text=&#8221;Pilotes&#8221; font_container=&#8221;tag:h3|text_align:left&#8221; use_theme_fonts=&#8221;yes&#8221; link=&#8221;url:https%3A%2F%2Fstaysafe.aero%2Fcategory%2Fpilot%2F|||&#8221;][vc_single_image image=&#8221;2933&#8243; img_size=&#8221;320&#215;160&#8243; style=&#8221;vc_box_outline&#8221; onclick=&#8221;custom_link&#8221; link=&#8221;https:\/\/staysafe.aero\/category\/pilot\/&#8221;][vc_column_text el_class=&#8221;themen-description&#8221;]Ici sont regroup\u00e9es les informations concernant les formations de pilote dans l\u2019aviation g\u00e9n\u00e9rale, les retours d\u2019exp\u00e9rience des pilotes ainsi que les conseils de pilotage et les informations touchant aux facteurs humains.[\/vc_column_text][\/vc_column_inner][\/vc_row_inner][\/vc_column][vc_column width=&#8221;1\/2&#8243;][vc_row_inner][vc_column_inner][vc_custom_heading text=&#8221;Lesson Learned&#8221; font_container=&#8221;tag:h3|text_align:left&#8221; use_theme_fonts=&#8221;yes&#8221; link=&#8221;url:https%3A%2F%2Fstaysafe.aero%2Fcategory%2Flesson-learned%2F|||&#8221;][vc_single_image image=&#8221;2936&#8243; img_size=&#8221;320&#215;160&#8243; style=&#8221;vc_box_outline&#8221; onclick=&#8221;custom_link&#8221; link=&#8221;https:\/\/staysafe.aero\/category\/lesson-learned\/&#8221;][vc_column_text el_class=&#8221;themen-description&#8221;]Dans \u00ab\u00a0Lesson learned \u00bb les pilotes peuvent faire b\u00e9n\u00e9ficier d\u2019autres pilotes de leurs exp\u00e9riences. Les contributions pour cette cat\u00e9gorie peuvent \u00eatre envoy\u00e9es \u00e0 <a href=\"mailto:staysafe@bazl.admin.ch\">staysafe@bazl.admin.ch<\/a>\u00a0: les exp\u00e9riences seront anonymis\u00e9es avant la publication.[\/vc_column_text][\/vc_column_inner][\/vc_row_inner][\/vc_column][\/vc_row][vc_row][vc_column width=&#8221;1\/2&#8243;][vc_row_inner][vc_column_inner][vc_custom_heading text=&#8221;Clips espace a\u00e9rien&#8221; font_container=&#8221;tag:h3|text_align:left&#8221; use_theme_fonts=&#8221;yes&#8221; link=&#8221;url:https%3A%2F%2Fstaysafe.aero%2Fcategory%2Ffilme-luftraum%2F|||&#8221;][vc_single_image image=&#8221;2356&#8243; img_size=&#8221;320&#215;160&#8243; style=&#8221;vc_box_outline&#8221; onclick=&#8221;custom_link&#8221; link=&#8221;https:\/\/staysafe.aero\/category\/filme-luftraum\/&#8221;][vc_column_text el_class=&#8221;themen-description&#8221;]Ces clips montrent les effets possibles d\u2019une incursion non autoris\u00e9e dans un espace a\u00e9rien. De quelle fa\u00e7on une d\u00e9viation par rapport au plan de vol dict\u00e9 par les conditions m\u00e9t\u00e9orologiques manque de causer entre un h\u00e9licopt\u00e8re et un avion\u00a0? Que se passe-t-il en cas d\u2019incursion involontaire de planeurs, de parapentes ou de deltaplanes dans un espace a\u00e9rien utilis\u00e9 par l\u2019arm\u00e9e ?[\/vc_column_text][\/vc_column_inner][\/vc_row_inner][\/vc_column][vc_column width=&#8221;1\/2&#8243;][vc_row_inner][vc_column_inner][vc_custom_heading text=&#8221;Drones&#8221; font_container=&#8221;tag:h3|text_align:left&#8221; use_theme_fonts=&#8221;yes&#8221; link=&#8221;url:https%3A%2F%2Fstaysafe.aero%2Fcategory%2Fdrohnen%2F|||&#8221;][vc_single_image image=&#8221;1071&#8243; img_size=&#8221;320&#215;160&#8243; style=&#8221;vc_box_outline&#8221; onclick=&#8221;custom_link&#8221; link=&#8221;https:\/\/staysafe.aero\/category\/drohnen\/&#8221;][vc_column_text el_class=&#8221;themen-description&#8221;]Dans cette rubrique sont regroup\u00e9es toutes les informations concernant les drones\u00a0: les r\u00e8gles pour leur utilisation, les aspects li\u00e9s aux interactions avec les autres utilisateurs de l\u2019espace a\u00e9rien et d\u2019autres informations utiles.[\/vc_column_text][\/vc_column_inner][\/vc_row_inner][\/vc_column][\/vc_row][vc_row][vc_column width=&#8221;1\/2&#8243;][vc_row_inner][vc_column_inner][vc_custom_heading text=&#8221;Autres&#8221; font_container=&#8221;tag:h3|text_align:left&#8221; use_theme_fonts=&#8221;yes&#8221; link=&#8221;url:https%3A%2F%2Fstaysafe.aero%2Fcategory%2Fdiverses%2F|||&#8221;][vc_single_image image=&#8221;2355&#8243; img_size=&#8221;320&#215;160&#8243; style=&#8221;vc_box_outline&#8221; onclick=&#8221;custom_link&#8221; link=&#8221;https:\/\/staysafe.aero\/category\/diverses\/&#8221;][vc_column_text el_class=&#8221;themen-description&#8221;]Tout ce qui ne trouve pas sa place ailleurs\u00a0: contributions concernant la politique a\u00e9ronautique, l\u2019environnement, le bruit ou d\u2019autres th\u00e8mes.[\/vc_column_text][\/vc_column_inner][\/vc_row_inner][\/vc_column][vc_column width=&#8221;1\/2&#8243;][\/vc_column][\/vc_row]<\/p>","protected":false},"excerpt":{"rendered":"<p>[vc_row][vc_column][vc_column_text]Sur Stay Safe, nous publions du contenu sur les sujets suivants :[\/vc_column_text][\/vc_column][\/vc_row][vc_row][vc_column width=&#8221;1\/2&#8243;][vc_row_inner][vc_column_inner][vc_custom_heading text=&#8221;A\u00e9ronefs&#8221; font_container=&#8221;tag:h3|text_align:left&#8221; use_theme_fonts=&#8221;yes&#8221; link=&#8221;url:https%3A%2F%2Fstaysafe.aero%2Fcategory%2Fflugzeug%2F|||&#8221;][vc_single_image image=&#8221;2903&#8243; img_size=&#8221;320&#215;160&#8243; style=&#8221;vc_box_outline&#8221; [&hellip;]<\/p>\n","protected":false},"author":1,"featured_media":0,"parent":0,"menu_order":0,"comment_status":"closed","ping_status":"closed","template":"","meta":{"_exactmetrics_skip_tracking":false,"_exactmetrics_sitenote_active":false,"_exactmetrics_sitenote_note":"","_exactmetrics_sitenote_category":0,"footnotes":""},"class_list":["post-180","page","type-page","status-publish","hentry"],"_links":{"self":[{"href":"https:\/\/staysafe.aero\/fr\/wp-json\/wp\/v2\/pages\/180","targetHints":{"allow":["GET"]}}],"collection":[{"href":"https:\/\/staysafe.aero\/fr\/wp-json\/wp\/v2\/pages"}],"about":[{"href":"https:\/\/staysafe.aero\/fr\/wp-json\/wp\/v2\/types\/page"}],"author":[{"embeddable":true,"href":"https:\/\/staysafe.aero\/fr\/wp-json\/wp\/v2\/users\/1"}],"replies":[{"embeddable":true,"href":"https:\/\/staysafe.aero\/fr\/wp-json\/wp\/v2\/comments?post=180"}],"version-history":[{"count":131,"href":"https:\/\/staysafe.aero\/fr\/wp-json\/wp\/v2\/pages\/180\/revisions"}],"predecessor-version":[{"id":2952,"href":"https:\/\/staysafe.aero\/fr\/wp-json\/wp\/v2\/pages\/180\/revisions\/2952"}],"wp:attachment":[{"href":"https:\/\/staysafe.aero\/fr\/wp-json\/wp\/v2\/media?parent=180"}],"curies":[{"name":"wp","href":"https:\/\/api.w.org\/{rel}","templated":true}]}}