{"id":8,"date":"2016-02-15T08:20:30","date_gmt":"2016-02-15T08:20:30","guid":{"rendered":"http:\/\/localhost\/bazl\/?page_id=8"},"modified":"2024-02-29T17:57:50","modified_gmt":"2024-02-29T16:57:50","slug":"kontakt","status":"publish","type":"page","link":"https:\/\/staysafe.aero\/fr\/kontakt\/","title":{"rendered":"Contact"},"content":{"rendered":"<p><\/p>\n<h4>Office f\u00e9d\u00e9ral de l&#8217;aviation civile OFAC<\/h4>\n<p><b>Adresse<\/b><br \/>\nCase postale<br \/>\n3003 Berne<br \/>\nSuisse<\/p>\n<p><b>Adresse physique<br \/>\n<\/b>Papierm\u00fchlestrasse 172<br \/>\n3063 Ittigen<\/p>\n<p><b>T\u00e9l\u00e9phone (Centrale)<\/b><br \/>\nT\u00e9l: <span class=\"baec5a81-e4d6-4674-97f3-e9220f0136c1\">+41 58 465 80 39<\/span><br \/>\nFax: <span class=\"baec5a81-e4d6-4674-97f3-e9220f0136c1\">+41 58 465 80 32<\/span><\/p>\n<p><strong>Demande des m\u00e9dias (uniquement pour les journalistes):<\/strong><br \/>\nTel: <span class=\"baec5a81-e4d6-4674-97f3-e9220f0136c1\" style=\"white-space: nowrap;\">+41 58 464 23 35<\/span> (de)<br \/>\nTel: <span class=\"baec5a81-e4d6-4674-97f3-e9220f0136c1\" style=\"white-space: nowrap;\">+41 58 464 72 87<\/span> (fr)<br \/>\nPiquet pendant le week-end:<br \/>\nTel: <span class=\"baec5a81-e4d6-4674-97f3-e9220f0136c1\" style=\"white-space: nowrap;\">+41 58 465 31 31<\/span><\/p>\n<p><strong>E-Mail:<br \/>\n<\/strong><a href=\"https:\/\/staysafe.aero\/wp-admin\/staysafe@bazl.admin.ch\">staysafe@bazl.admin.ch<\/a><\/p>","protected":false},"excerpt":{"rendered":"<p>Office f\u00e9d\u00e9ral de l&#8217;aviation civile OFAC Adresse Case postale 3003 Berne Suisse Adresse physique Papierm\u00fchlestrasse 172 3063 Ittigen T\u00e9l\u00e9phone (Centrale) [&hellip;]<\/p>\n","protected":false},"author":1,"featured_media":0,"parent":0,"menu_order":0,"comment_status":"closed","ping_status":"closed","template":"site-page.php","meta":{"_exactmetrics_skip_tracking":false,"_exactmetrics_sitenote_active":false,"_exactmetrics_sitenote_note":"","_exactmetrics_sitenote_category":0,"footnotes":""},"class_list":["post-8","page","type-page","status-publish","hentry"],"_links":{"self":[{"href":"https:\/\/staysafe.aero\/fr\/wp-json\/wp\/v2\/pages\/8","targetHints":{"allow":["GET"]}}],"collection":[{"href":"https:\/\/staysafe.aero\/fr\/wp-json\/wp\/v2\/pages"}],"about":[{"href":"https:\/\/staysafe.aero\/fr\/wp-json\/wp\/v2\/types\/page"}],"author":[{"embeddable":true,"href":"https:\/\/staysafe.aero\/fr\/wp-json\/wp\/v2\/users\/1"}],"replies":[{"embeddable":true,"href":"https:\/\/staysafe.aero\/fr\/wp-json\/wp\/v2\/comments?post=8"}],"version-history":[{"count":10,"href":"https:\/\/staysafe.aero\/fr\/wp-json\/wp\/v2\/pages\/8\/revisions"}],"predecessor-version":[{"id":4951,"href":"https:\/\/staysafe.aero\/fr\/wp-json\/wp\/v2\/pages\/8\/revisions\/4951"}],"wp:attachment":[{"href":"https:\/\/staysafe.aero\/fr\/wp-json\/wp\/v2\/media?parent=8"}],"curies":[{"name":"wp","href":"https:\/\/api.w.org\/{rel}","templated":true}]}}