{"id":14,"date":"2016-02-15T08:25:17","date_gmt":"2016-02-15T08:25:17","guid":{"rendered":"http:\/\/localhost\/bazl\/?page_id=14"},"modified":"2024-01-17T11:13:02","modified_gmt":"2024-01-17T10:13:02","slug":"home","status":"publish","type":"page","link":"https:\/\/staysafe.aero\/it\/","title":{"rendered":"Startseite"},"content":{"rendered":"<p><\/p>\n<h2><img loading=\"lazy\" decoding=\"async\" class=\"alignnone wp-image-4471\" src=\"https:\/\/staysafe.aero\/wp-content\/uploads\/2023\/03\/Stay-Safe-Safety-Promotion-for-General-Aviation-scaled.jpg\" alt=\"\" width=\"1048\" height=\"339\" srcset=\"https:\/\/staysafe.aero\/wp-content\/uploads\/2023\/03\/Stay-Safe-Safety-Promotion-for-General-Aviation-scaled.jpg 2560w, https:\/\/staysafe.aero\/wp-content\/uploads\/2023\/03\/Stay-Safe-Safety-Promotion-for-General-Aviation-300x97.jpg 300w, https:\/\/staysafe.aero\/wp-content\/uploads\/2023\/03\/Stay-Safe-Safety-Promotion-for-General-Aviation-1024x331.jpg 1024w, https:\/\/staysafe.aero\/wp-content\/uploads\/2023\/03\/Stay-Safe-Safety-Promotion-for-General-Aviation-768x249.jpg 768w, https:\/\/staysafe.aero\/wp-content\/uploads\/2023\/03\/Stay-Safe-Safety-Promotion-for-General-Aviation-1536x497.jpg 1536w, https:\/\/staysafe.aero\/wp-content\/uploads\/2023\/03\/Stay-Safe-Safety-Promotion-for-General-Aviation-2048x663.jpg 2048w\" sizes=\"auto, (max-width: 1048px) 100vw, 1048px\" \/><\/h2>\n<p>&#8220;Stay Safe&#8221; \u00e8 la piattaforma di promozione della sicurezza dell&#8217;Ufficio federale dell&#8217;aviazione civile in lingua tedesca, francese e italiana. Come piattaforma di informazione e scambio, si rivolge a tutti coloro che sono coinvolti nell&#8217;aviazione generale, in particolare ai piloti dei settori del volo a motore e in aliante, degli elicotteri, delle mongolfiere e dei droni. Nell&#8217;aviazione ci si d\u00e0 del tu e questo vale anche per Stay Safe. L&#8217;obiettivo di Stay Safe \u00e8 quello di sensibilizzarvi ai vari temi della sicurezza e di promuovere lo scambio all&#8217;interno della comunit\u00e0, senza avere un carattere didattico. A tal fine, il nostro piccolo team editoriale, composto da piloti, esperti di aviazione, ispettori e fotografi, si impegna a trasformare i risultati importanti di incidenti e inconvenienti e le attivit\u00e0 di supervisione dell&#8217;UFAC in articoli interessanti, storie appassionanti e video.<\/p>\n<h2>Dai piloti per la comunit\u00e0<\/h2>\n<p>I piloti non hanno solo la passione per il volo, ma anche per la condivisione delle loro esperienze con persone che la pensano allo stesso modo. Soprattutto nel campo della sicurezza, la condivisione di esperienze e conoscenze \u00e8 un fattore importante. Vi siete mai trovati in una situazione difficile? O avete avuto un&#8217;esperienza istruttiva? Se s\u00ec, condividete la vostra storia personale con la comunit\u00e0 Stay Safe: tutti noi potremmo imparare da essa! Indipendentemente dal ramo dell&#8217;aviazione generale da cui provenite, inviateci la vostra esperienza, la vostra storia, le vostre esperienze a staysafe@bazl.admin.ch. Le renderemo anonime e le condivideremo con la comunit\u00e0 di Stay Safe. Le renderemo anonime e le condivideremo con la comunit\u00e0.<\/p>","protected":false},"excerpt":{"rendered":"<p>&#8220;Stay Safe&#8221; \u00e8 la piattaforma di promozione della sicurezza dell&#8217;Ufficio federale dell&#8217;aviazione civile in lingua tedesca, francese e italiana. Come [&hellip;]<\/p>\n","protected":false},"author":1,"featured_media":0,"parent":0,"menu_order":0,"comment_status":"closed","ping_status":"closed","template":"home-page.php","meta":{"_exactmetrics_skip_tracking":false,"_exactmetrics_sitenote_active":false,"_exactmetrics_sitenote_note":"","_exactmetrics_sitenote_category":0,"footnotes":""},"class_list":["post-14","page","type-page","status-publish","hentry"],"_links":{"self":[{"href":"https:\/\/staysafe.aero\/it\/wp-json\/wp\/v2\/pages\/14","targetHints":{"allow":["GET"]}}],"collection":[{"href":"https:\/\/staysafe.aero\/it\/wp-json\/wp\/v2\/pages"}],"about":[{"href":"https:\/\/staysafe.aero\/it\/wp-json\/wp\/v2\/types\/page"}],"author":[{"embeddable":true,"href":"https:\/\/staysafe.aero\/it\/wp-json\/wp\/v2\/users\/1"}],"replies":[{"embeddable":true,"href":"https:\/\/staysafe.aero\/it\/wp-json\/wp\/v2\/comments?post=14"}],"version-history":[{"count":22,"href":"https:\/\/staysafe.aero\/it\/wp-json\/wp\/v2\/pages\/14\/revisions"}],"predecessor-version":[{"id":4619,"href":"https:\/\/staysafe.aero\/it\/wp-json\/wp\/v2\/pages\/14\/revisions\/4619"}],"wp:attachment":[{"href":"https:\/\/staysafe.aero\/it\/wp-json\/wp\/v2\/media?parent=14"}],"curies":[{"name":"wp","href":"https:\/\/api.w.org\/{rel}","templated":true}]}}